{"id":596,"date":"2024-11-29T20:50:37","date_gmt":"2024-11-29T19:50:37","guid":{"rendered":"http:\/\/www.keep-lissom.de\/?page_id=596"},"modified":"2026-02-18T10:33:16","modified_gmt":"2026-02-18T09:33:16","slug":"downloads","status":"publish","type":"page","link":"https:\/\/www.keep-lissom.de\/index.php\/downloads\/","title":{"rendered":"Downloads"},"content":{"rendered":"\t\t<div data-elementor-type=\"wp-page\" data-elementor-id=\"596\" class=\"elementor elementor-596\">\n\t\t\t\t\t\t<section class=\"elementor-section elementor-top-section elementor-element elementor-element-a80ad64 elementor-section-boxed elementor-section-height-default elementor-section-height-default\" data-id=\"a80ad64\" data-element_type=\"section\" data-e-type=\"section\">\n\t\t\t\t\t\t<div class=\"elementor-container elementor-column-gap-default\">\n\t\t\t\t\t<div class=\"elementor-column elementor-col-100 elementor-top-column elementor-element elementor-element-5dbb4e2c\" data-id=\"5dbb4e2c\" data-element_type=\"column\" data-e-type=\"column\">\n\t\t\t<div class=\"elementor-widget-wrap elementor-element-populated\">\n\t\t\t\t\t\t<div class=\"elementor-element elementor-element-41dd35bb elementor-widget elementor-widget-heading\" data-id=\"41dd35bb\" data-element_type=\"widget\" data-e-type=\"widget\" data-widget_type=\"heading.default\">\n\t\t\t\t<div class=\"elementor-widget-container\">\n\t\t\t\t\t<h2 class=\"elementor-heading-title elementor-size-default\">Downloads<\/h2>\t\t\t\t<\/div>\n\t\t\t\t<\/div>\n\t\t\t\t<div class=\"elementor-element elementor-element-34d6032d elementor-widget elementor-widget-text-editor\" data-id=\"34d6032d\" data-element_type=\"widget\" data-e-type=\"widget\" data-widget_type=\"text-editor.default\">\n\t\t\t\t<div class=\"elementor-widget-container\">\n\t\t\t\t\t\t\t\t\t<p>Auf dieser Seite finden Sie verschiedene Dateien zum Herunterladen.<\/p>\t\t\t\t\t\t\t\t<\/div>\n\t\t\t\t<\/div>\n\t\t\t\t\t<\/div>\n\t\t<\/div>\n\t\t\t\t\t<\/div>\n\t\t<\/section>\n\t\t\t\t<section class=\"elementor-section elementor-top-section elementor-element elementor-element-bced63e elementor-section-boxed elementor-section-height-default elementor-section-height-default\" data-id=\"bced63e\" data-element_type=\"section\" data-e-type=\"section\">\n\t\t\t\t\t\t<div class=\"elementor-container elementor-column-gap-default\">\n\t\t\t\t\t<div class=\"elementor-column elementor-col-100 elementor-top-column elementor-element elementor-element-276f040\" data-id=\"276f040\" data-element_type=\"column\" data-e-type=\"column\">\n\t\t\t<div class=\"elementor-widget-wrap elementor-element-populated\">\n\t\t\t\t\t\t<section class=\"elementor-section elementor-inner-section elementor-element elementor-element-493f17a elementor-section-boxed elementor-section-height-default elementor-section-height-default\" data-id=\"493f17a\" data-element_type=\"section\" data-e-type=\"section\">\n\t\t\t\t\t\t<div class=\"elementor-container elementor-column-gap-default\">\n\t\t\t\t\t<div class=\"elementor-column elementor-col-50 elementor-inner-column elementor-element elementor-element-20dfe9a\" data-id=\"20dfe9a\" data-element_type=\"column\" data-e-type=\"column\" data-settings=\"{&quot;background_background&quot;:&quot;classic&quot;}\">\n\t\t\t<div class=\"elementor-widget-wrap elementor-element-populated\">\n\t\t\t\t\t\t<div class=\"elementor-element elementor-element-b335ba4 elementor-view-default elementor-widget elementor-widget-icon\" data-id=\"b335ba4\" data-element_type=\"widget\" data-e-type=\"widget\" data-widget_type=\"icon.default\">\n\t\t\t\t<div class=\"elementor-widget-container\">\n\t\t\t\t\t\t\t<div class=\"elementor-icon-wrapper\">\n\t\t\t<div class=\"elementor-icon\">\n\t\t\t<svg aria-hidden=\"true\" class=\"e-font-icon-svg e-fas-file-alt\" viewBox=\"0 0 384 512\" xmlns=\"http:\/\/www.w3.org\/2000\/svg\"><path d=\"M224 136V0H24C10.7 0 0 10.7 0 24v464c0 13.3 10.7 24 24 24h336c13.3 0 24-10.7 24-24V160H248c-13.2 0-24-10.8-24-24zm64 236c0 6.6-5.4 12-12 12H108c-6.6 0-12-5.4-12-12v-8c0-6.6 5.4-12 12-12h168c6.6 0 12 5.4 12 12v8zm0-64c0 6.6-5.4 12-12 12H108c-6.6 0-12-5.4-12-12v-8c0-6.6 5.4-12 12-12h168c6.6 0 12 5.4 12 12v8zm0-72v8c0 6.6-5.4 12-12 12H108c-6.6 0-12-5.4-12-12v-8c0-6.6 5.4-12 12-12h168c6.6 0 12 5.4 12 12zm96-114.1v6.1H256V0h6.1c6.4 0 12.5 2.5 17 7l97.9 98c4.5 4.5 7 10.6 7 16.9z\"><\/path><\/svg>\t\t\t<\/div>\n\t\t<\/div>\n\t\t\t\t\t\t<\/div>\n\t\t\t\t<\/div>\n\t\t\t\t<div class=\"elementor-element elementor-element-5cf8b07 elementor-widget elementor-widget-text-editor\" data-id=\"5cf8b07\" data-element_type=\"widget\" data-e-type=\"widget\" data-widget_type=\"text-editor.default\">\n\t\t\t\t<div class=\"elementor-widget-container\">\n\t\t\t\t\t\t\t\t\t<p><strong>Bandflyer<\/strong><br \/>Allgemeine Informationen, <br \/>Repertoire, Kontaktdaten<\/p>\t\t\t\t\t\t\t\t<\/div>\n\t\t\t\t<\/div>\n\t\t\t\t<div class=\"elementor-element elementor-element-6a81fbb3 elementor-align-center elementor-widget elementor-widget-button\" data-id=\"6a81fbb3\" data-element_type=\"widget\" data-e-type=\"widget\" data-widget_type=\"button.default\">\n\t\t\t\t<div class=\"elementor-widget-container\">\n\t\t\t\t\t\t\t\t\t<div class=\"elementor-button-wrapper\">\n\t\t\t\t\t<a class=\"elementor-button elementor-button-link elementor-size-sm\" href=\"https:\/\/www.keep-lissom.de\/wp-content\/uploads\/2026\/02\/KL-Bandflyer.pdf\" target=\"_blank\">\n\t\t\t\t\t\t<span class=\"elementor-button-content-wrapper\">\n\t\t\t\t\t\t\t\t\t<span class=\"elementor-button-text\">Herunterladen<\/span>\n\t\t\t\t\t<\/span>\n\t\t\t\t\t<\/a>\n\t\t\t\t<\/div>\n\t\t\t\t\t\t\t\t<\/div>\n\t\t\t\t<\/div>\n\t\t\t\t\t<\/div>\n\t\t<\/div>\n\t\t\t\t<div class=\"elementor-column elementor-col-50 elementor-inner-column elementor-element elementor-element-caef1fb\" data-id=\"caef1fb\" data-element_type=\"column\" data-e-type=\"column\" data-settings=\"{&quot;background_background&quot;:&quot;classic&quot;}\">\n\t\t\t<div class=\"elementor-widget-wrap elementor-element-populated\">\n\t\t\t\t\t\t<div class=\"elementor-element elementor-element-eb8fb1b elementor-view-default elementor-widget elementor-widget-icon\" data-id=\"eb8fb1b\" data-element_type=\"widget\" data-e-type=\"widget\" data-widget_type=\"icon.default\">\n\t\t\t\t<div class=\"elementor-widget-container\">\n\t\t\t\t\t\t\t<div class=\"elementor-icon-wrapper\">\n\t\t\t<div class=\"elementor-icon\">\n\t\t\t<svg aria-hidden=\"true\" class=\"e-font-icon-svg e-fas-images\" viewBox=\"0 0 576 512\" xmlns=\"http:\/\/www.w3.org\/2000\/svg\"><path d=\"M480 416v16c0 26.51-21.49 48-48 48H48c-26.51 0-48-21.49-48-48V176c0-26.51 21.49-48 48-48h16v208c0 44.112 35.888 80 80 80h336zm96-80V80c0-26.51-21.49-48-48-48H144c-26.51 0-48 21.49-48 48v256c0 26.51 21.49 48 48 48h384c26.51 0 48-21.49 48-48zM256 128c0 26.51-21.49 48-48 48s-48-21.49-48-48 21.49-48 48-48 48 21.49 48 48zm-96 144l55.515-55.515c4.686-4.686 12.284-4.686 16.971 0L272 256l135.515-135.515c4.686-4.686 12.284-4.686 16.971 0L512 208v112H160v-48z\"><\/path><\/svg>\t\t\t<\/div>\n\t\t<\/div>\n\t\t\t\t\t\t<\/div>\n\t\t\t\t<\/div>\n\t\t\t\t<div class=\"elementor-element elementor-element-0d85a54 elementor-widget elementor-widget-text-editor\" data-id=\"0d85a54\" data-element_type=\"widget\" data-e-type=\"widget\" data-widget_type=\"text-editor.default\">\n\t\t\t\t<div class=\"elementor-widget-container\">\n\t\t\t\t\t\t\t\t\t<p><strong>Fotos und Logos<\/strong><br \/>Auswahl diverser Fotos, <br \/>Bandlogos<\/p>\t\t\t\t\t\t\t\t<\/div>\n\t\t\t\t<\/div>\n\t\t\t\t<div class=\"elementor-element elementor-element-dd40a03 elementor-align-center elementor-widget elementor-widget-button\" data-id=\"dd40a03\" data-element_type=\"widget\" data-e-type=\"widget\" data-widget_type=\"button.default\">\n\t\t\t\t<div class=\"elementor-widget-container\">\n\t\t\t\t\t\t\t\t\t<div class=\"elementor-button-wrapper\">\n\t\t\t\t\t<a class=\"elementor-button elementor-button-link elementor-size-sm\" href=\"https:\/\/www.keep-lissom.de\/wp-content\/uploads\/2025\/05\/KL-Downloads.zip\">\n\t\t\t\t\t\t<span class=\"elementor-button-content-wrapper\">\n\t\t\t\t\t\t\t\t\t<span class=\"elementor-button-text\">Herunterladen<\/span>\n\t\t\t\t\t<\/span>\n\t\t\t\t\t<\/a>\n\t\t\t\t<\/div>\n\t\t\t\t\t\t\t\t<\/div>\n\t\t\t\t<\/div>\n\t\t\t\t\t<\/div>\n\t\t<\/div>\n\t\t\t\t\t<\/div>\n\t\t<\/section>\n\t\t\t\t\t<\/div>\n\t\t<\/div>\n\t\t\t\t\t<\/div>\n\t\t<\/section>\n\t\t\t\t<\/div>\n\t\t","protected":false},"excerpt":{"rendered":"<p>Downloads Auf dieser Seite finden Sie verschiedene Dateien zum Herunterladen. BandflyerAllgemeine Informationen, Repertoire, Kontaktdaten Herunterladen Fotos und LogosAuswahl diverser Fotos, Bandlogos Herunterladen<\/p>\n","protected":false},"author":1,"featured_media":0,"parent":0,"menu_order":0,"comment_status":"closed","ping_status":"closed","template":"","meta":{"_monsterinsights_skip_tracking":false,"_monsterinsights_sitenote_active":false,"_monsterinsights_sitenote_note":"","_monsterinsights_sitenote_category":0,"ocean_post_layout":"","ocean_both_sidebars_style":"","ocean_both_sidebars_content_width":0,"ocean_both_sidebars_sidebars_width":0,"ocean_sidebar":"","ocean_second_sidebar":"","ocean_disable_margins":"enable","ocean_add_body_class":"","ocean_shortcode_before_top_bar":"","ocean_shortcode_after_top_bar":"","ocean_shortcode_before_header":"","ocean_shortcode_after_header":"","ocean_has_shortcode":"","ocean_shortcode_after_title":"","ocean_shortcode_before_footer_widgets":"","ocean_shortcode_after_footer_widgets":"","ocean_shortcode_before_footer_bottom":"","ocean_shortcode_after_footer_bottom":"","ocean_display_top_bar":"default","ocean_display_header":"default","ocean_header_style":"","ocean_center_header_left_menu":"","ocean_custom_header_template":"","ocean_custom_logo":0,"ocean_custom_retina_logo":0,"ocean_custom_logo_max_width":0,"ocean_custom_logo_tablet_max_width":0,"ocean_custom_logo_mobile_max_width":0,"ocean_custom_logo_max_height":0,"ocean_custom_logo_tablet_max_height":0,"ocean_custom_logo_mobile_max_height":0,"ocean_header_custom_menu":"","ocean_menu_typo_font_family":"","ocean_menu_typo_font_subset":"","ocean_menu_typo_font_size":0,"ocean_menu_typo_font_size_tablet":0,"ocean_menu_typo_font_size_mobile":0,"ocean_menu_typo_font_size_unit":"px","ocean_menu_typo_font_weight":"","ocean_menu_typo_font_weight_tablet":"","ocean_menu_typo_font_weight_mobile":"","ocean_menu_typo_transform":"","ocean_menu_typo_transform_tablet":"","ocean_menu_typo_transform_mobile":"","ocean_menu_typo_line_height":0,"ocean_menu_typo_line_height_tablet":0,"ocean_menu_typo_line_height_mobile":0,"ocean_menu_typo_line_height_unit":"","ocean_menu_typo_spacing":0,"ocean_menu_typo_spacing_tablet":0,"ocean_menu_typo_spacing_mobile":0,"ocean_menu_typo_spacing_unit":"","ocean_menu_link_color":"","ocean_menu_link_color_hover":"","ocean_menu_link_color_active":"","ocean_menu_link_background":"","ocean_menu_link_hover_background":"","ocean_menu_link_active_background":"","ocean_menu_social_links_bg":"","ocean_menu_social_hover_links_bg":"","ocean_menu_social_links_color":"","ocean_menu_social_hover_links_color":"","ocean_disable_title":"default","ocean_disable_heading":"default","ocean_post_title":"","ocean_post_subheading":"","ocean_post_title_style":"","ocean_post_title_background_color":"","ocean_post_title_background":0,"ocean_post_title_bg_image_position":"","ocean_post_title_bg_image_attachment":"","ocean_post_title_bg_image_repeat":"","ocean_post_title_bg_image_size":"","ocean_post_title_height":0,"ocean_post_title_bg_overlay":0.5,"ocean_post_title_bg_overlay_color":"","ocean_disable_breadcrumbs":"default","ocean_breadcrumbs_color":"","ocean_breadcrumbs_separator_color":"","ocean_breadcrumbs_links_color":"","ocean_breadcrumbs_links_hover_color":"","ocean_display_footer_widgets":"default","ocean_display_footer_bottom":"default","ocean_custom_footer_template":"","footnotes":""},"class_list":["post-596","page","type-page","status-publish","hentry","entry"],"yoast_head":"<!-- This site is optimized with the Yoast SEO plugin v27.0 - https:\/\/yoast.com\/product\/yoast-seo-wordpress\/ -->\n<title>Downloads - Keep Lissom<\/title>\n<meta name=\"description\" content=\"\u201eKeep Lissom!\u201c ist eine Band aus dem Saarland, die sich der Musik von Jazz, Funk und Soul verschrieben hat. Unser flexibles Repertoire bietet f\u00fcr jeden Geschmack etwas. Neben der eingespielten Rhythmusgruppe wird die Band durch unsere S\u00e4ngerin und eine druckvolle Bl\u00e4sersektion komplettiert. Spielfreude und Spa\u00df an der Musik stehen bei uns im Zentrum. Ob Geburtstag, Hochzeit oder andere Feierlichkeit - wir umrahmen Ihr Event gerne musikalisch.\" \/>\n<meta name=\"robots\" content=\"index, follow, max-snippet:-1, max-image-preview:large, max-video-preview:-1\" \/>\n<link rel=\"canonical\" href=\"https:\/\/www.keep-lissom.de\/index.php\/downloads\/\" \/>\n<meta property=\"og:locale\" content=\"de_DE\" \/>\n<meta property=\"og:type\" content=\"article\" \/>\n<meta property=\"og:title\" content=\"Downloads - Keep Lissom\" \/>\n<meta property=\"og:description\" content=\"\u201eKeep Lissom!\u201c ist eine Band aus dem Saarland, die sich der Musik von Jazz, Funk und Soul verschrieben hat. Unser flexibles Repertoire bietet f\u00fcr jeden Geschmack etwas. Neben der eingespielten Rhythmusgruppe wird die Band durch unsere S\u00e4ngerin und eine druckvolle Bl\u00e4sersektion komplettiert. Spielfreude und Spa\u00df an der Musik stehen bei uns im Zentrum. Ob Geburtstag, Hochzeit oder andere Feierlichkeit - wir umrahmen Ihr Event gerne musikalisch.\" \/>\n<meta property=\"og:url\" content=\"https:\/\/www.keep-lissom.de\/index.php\/downloads\/\" \/>\n<meta property=\"og:site_name\" content=\"Keep Lissom\" \/>\n<meta property=\"article:modified_time\" content=\"2026-02-18T09:33:16+00:00\" \/>\n<meta property=\"og:image\" content=\"https:\/\/www.keep-lissom.de\/wp-content\/uploads\/2025\/02\/band-1.jpg\" \/>\n\t<meta property=\"og:image:width\" content=\"2500\" \/>\n\t<meta property=\"og:image:height\" content=\"1406\" \/>\n\t<meta property=\"og:image:type\" content=\"image\/jpeg\" \/>\n<meta name=\"twitter:card\" content=\"summary_large_image\" \/>\n<meta name=\"twitter:label1\" content=\"Gesch\u00e4tzte Lesezeit\" \/>\n\t<meta name=\"twitter:data1\" content=\"1\u00a0Minute\" \/>\n<script type=\"application\/ld+json\" class=\"yoast-schema-graph\">{\"@context\":\"https:\/\/schema.org\",\"@graph\":[{\"@type\":\"WebPage\",\"@id\":\"https:\/\/www.keep-lissom.de\/index.php\/downloads\/\",\"url\":\"https:\/\/www.keep-lissom.de\/index.php\/downloads\/\",\"name\":\"Downloads - Keep Lissom\",\"isPartOf\":{\"@id\":\"https:\/\/www.keep-lissom.de\/#website\"},\"datePublished\":\"2024-11-29T19:50:37+00:00\",\"dateModified\":\"2026-02-18T09:33:16+00:00\",\"description\":\"\u201eKeep Lissom!\u201c ist eine Band aus dem Saarland, die sich der Musik von Jazz, Funk und Soul verschrieben hat. Unser flexibles Repertoire bietet f\u00fcr jeden Geschmack etwas. Neben der eingespielten Rhythmusgruppe wird die Band durch unsere S\u00e4ngerin und eine druckvolle Bl\u00e4sersektion komplettiert. Spielfreude und Spa\u00df an der Musik stehen bei uns im Zentrum. Ob Geburtstag, Hochzeit oder andere Feierlichkeit - wir umrahmen Ihr Event gerne musikalisch.\",\"breadcrumb\":{\"@id\":\"https:\/\/www.keep-lissom.de\/index.php\/downloads\/#breadcrumb\"},\"inLanguage\":\"de\",\"potentialAction\":[{\"@type\":\"ReadAction\",\"target\":[\"https:\/\/www.keep-lissom.de\/index.php\/downloads\/\"]}]},{\"@type\":\"BreadcrumbList\",\"@id\":\"https:\/\/www.keep-lissom.de\/index.php\/downloads\/#breadcrumb\",\"itemListElement\":[{\"@type\":\"ListItem\",\"position\":1,\"name\":\"Startseite\",\"item\":\"https:\/\/www.keep-lissom.de\/\"},{\"@type\":\"ListItem\",\"position\":2,\"name\":\"Downloads\"}]},{\"@type\":\"WebSite\",\"@id\":\"https:\/\/www.keep-lissom.de\/#website\",\"url\":\"https:\/\/www.keep-lissom.de\/\",\"name\":\"Keep Lissom\",\"description\":\"\",\"publisher\":{\"@id\":\"https:\/\/www.keep-lissom.de\/#organization\"},\"potentialAction\":[{\"@type\":\"SearchAction\",\"target\":{\"@type\":\"EntryPoint\",\"urlTemplate\":\"https:\/\/www.keep-lissom.de\/?s={search_term_string}\"},\"query-input\":{\"@type\":\"PropertyValueSpecification\",\"valueRequired\":true,\"valueName\":\"search_term_string\"}}],\"inLanguage\":\"de\"},{\"@type\":\"Organization\",\"@id\":\"https:\/\/www.keep-lissom.de\/#organization\",\"name\":\"Keep Lissom\",\"url\":\"https:\/\/www.keep-lissom.de\/\",\"logo\":{\"@type\":\"ImageObject\",\"inLanguage\":\"de\",\"@id\":\"https:\/\/www.keep-lissom.de\/#\/schema\/logo\/image\/\",\"url\":\"https:\/\/www.keep-lissom.de\/wp-content\/uploads\/2025\/02\/DSC_0001_square.jpg\",\"contentUrl\":\"https:\/\/www.keep-lissom.de\/wp-content\/uploads\/2025\/02\/DSC_0001_square.jpg\",\"width\":1800,\"height\":1800,\"caption\":\"Keep Lissom\"},\"image\":{\"@id\":\"https:\/\/www.keep-lissom.de\/#\/schema\/logo\/image\/\"}}]}<\/script>\n<!-- \/ Yoast SEO plugin. -->","yoast_head_json":{"title":"Downloads - Keep Lissom","description":"\u201eKeep Lissom!\u201c ist eine Band aus dem Saarland, die sich der Musik von Jazz, Funk und Soul verschrieben hat. Unser flexibles Repertoire bietet f\u00fcr jeden Geschmack etwas. Neben der eingespielten Rhythmusgruppe wird die Band durch unsere S\u00e4ngerin und eine druckvolle Bl\u00e4sersektion komplettiert. Spielfreude und Spa\u00df an der Musik stehen bei uns im Zentrum. Ob Geburtstag, Hochzeit oder andere Feierlichkeit - wir umrahmen Ihr Event gerne musikalisch.","robots":{"index":"index","follow":"follow","max-snippet":"max-snippet:-1","max-image-preview":"max-image-preview:large","max-video-preview":"max-video-preview:-1"},"canonical":"https:\/\/www.keep-lissom.de\/index.php\/downloads\/","og_locale":"de_DE","og_type":"article","og_title":"Downloads - Keep Lissom","og_description":"\u201eKeep Lissom!\u201c ist eine Band aus dem Saarland, die sich der Musik von Jazz, Funk und Soul verschrieben hat. Unser flexibles Repertoire bietet f\u00fcr jeden Geschmack etwas. Neben der eingespielten Rhythmusgruppe wird die Band durch unsere S\u00e4ngerin und eine druckvolle Bl\u00e4sersektion komplettiert. Spielfreude und Spa\u00df an der Musik stehen bei uns im Zentrum. Ob Geburtstag, Hochzeit oder andere Feierlichkeit - wir umrahmen Ihr Event gerne musikalisch.","og_url":"https:\/\/www.keep-lissom.de\/index.php\/downloads\/","og_site_name":"Keep Lissom","article_modified_time":"2026-02-18T09:33:16+00:00","og_image":[{"width":2500,"height":1406,"url":"https:\/\/www.keep-lissom.de\/wp-content\/uploads\/2025\/02\/band-1.jpg","type":"image\/jpeg"}],"twitter_card":"summary_large_image","twitter_misc":{"Gesch\u00e4tzte Lesezeit":"1\u00a0Minute"},"schema":{"@context":"https:\/\/schema.org","@graph":[{"@type":"WebPage","@id":"https:\/\/www.keep-lissom.de\/index.php\/downloads\/","url":"https:\/\/www.keep-lissom.de\/index.php\/downloads\/","name":"Downloads - Keep Lissom","isPartOf":{"@id":"https:\/\/www.keep-lissom.de\/#website"},"datePublished":"2024-11-29T19:50:37+00:00","dateModified":"2026-02-18T09:33:16+00:00","description":"\u201eKeep Lissom!\u201c ist eine Band aus dem Saarland, die sich der Musik von Jazz, Funk und Soul verschrieben hat. Unser flexibles Repertoire bietet f\u00fcr jeden Geschmack etwas. Neben der eingespielten Rhythmusgruppe wird die Band durch unsere S\u00e4ngerin und eine druckvolle Bl\u00e4sersektion komplettiert. Spielfreude und Spa\u00df an der Musik stehen bei uns im Zentrum. Ob Geburtstag, Hochzeit oder andere Feierlichkeit - wir umrahmen Ihr Event gerne musikalisch.","breadcrumb":{"@id":"https:\/\/www.keep-lissom.de\/index.php\/downloads\/#breadcrumb"},"inLanguage":"de","potentialAction":[{"@type":"ReadAction","target":["https:\/\/www.keep-lissom.de\/index.php\/downloads\/"]}]},{"@type":"BreadcrumbList","@id":"https:\/\/www.keep-lissom.de\/index.php\/downloads\/#breadcrumb","itemListElement":[{"@type":"ListItem","position":1,"name":"Startseite","item":"https:\/\/www.keep-lissom.de\/"},{"@type":"ListItem","position":2,"name":"Downloads"}]},{"@type":"WebSite","@id":"https:\/\/www.keep-lissom.de\/#website","url":"https:\/\/www.keep-lissom.de\/","name":"Keep Lissom","description":"","publisher":{"@id":"https:\/\/www.keep-lissom.de\/#organization"},"potentialAction":[{"@type":"SearchAction","target":{"@type":"EntryPoint","urlTemplate":"https:\/\/www.keep-lissom.de\/?s={search_term_string}"},"query-input":{"@type":"PropertyValueSpecification","valueRequired":true,"valueName":"search_term_string"}}],"inLanguage":"de"},{"@type":"Organization","@id":"https:\/\/www.keep-lissom.de\/#organization","name":"Keep Lissom","url":"https:\/\/www.keep-lissom.de\/","logo":{"@type":"ImageObject","inLanguage":"de","@id":"https:\/\/www.keep-lissom.de\/#\/schema\/logo\/image\/","url":"https:\/\/www.keep-lissom.de\/wp-content\/uploads\/2025\/02\/DSC_0001_square.jpg","contentUrl":"https:\/\/www.keep-lissom.de\/wp-content\/uploads\/2025\/02\/DSC_0001_square.jpg","width":1800,"height":1800,"caption":"Keep Lissom"},"image":{"@id":"https:\/\/www.keep-lissom.de\/#\/schema\/logo\/image\/"}}]}},"_links":{"self":[{"href":"https:\/\/www.keep-lissom.de\/index.php\/wp-json\/wp\/v2\/pages\/596","targetHints":{"allow":["GET"]}}],"collection":[{"href":"https:\/\/www.keep-lissom.de\/index.php\/wp-json\/wp\/v2\/pages"}],"about":[{"href":"https:\/\/www.keep-lissom.de\/index.php\/wp-json\/wp\/v2\/types\/page"}],"author":[{"embeddable":true,"href":"https:\/\/www.keep-lissom.de\/index.php\/wp-json\/wp\/v2\/users\/1"}],"replies":[{"embeddable":true,"href":"https:\/\/www.keep-lissom.de\/index.php\/wp-json\/wp\/v2\/comments?post=596"}],"version-history":[{"count":0,"href":"https:\/\/www.keep-lissom.de\/index.php\/wp-json\/wp\/v2\/pages\/596\/revisions"}],"wp:attachment":[{"href":"https:\/\/www.keep-lissom.de\/index.php\/wp-json\/wp\/v2\/media?parent=596"}],"curies":[{"name":"wp","href":"https:\/\/api.w.org\/{rel}","templated":true}]}}