{"id":590,"date":"2024-11-29T20:49:08","date_gmt":"2024-11-29T19:49:08","guid":{"rendered":"http:\/\/www.keep-lissom.de\/?page_id=590"},"modified":"2025-06-08T20:06:36","modified_gmt":"2025-06-08T18:06:36","slug":"impressum","status":"publish","type":"page","link":"https:\/\/www.keep-lissom.de\/index.php\/impressum\/","title":{"rendered":"Impressum"},"content":{"rendered":"\t\t<div data-elementor-type=\"wp-page\" data-elementor-id=\"590\" class=\"elementor elementor-590\">\n\t\t\t\t\t\t<section class=\"elementor-section elementor-top-section elementor-element elementor-element-658c0b20 elementor-section-boxed elementor-section-height-default elementor-section-height-default\" data-id=\"658c0b20\" data-element_type=\"section\" data-e-type=\"section\">\n\t\t\t\t\t\t<div class=\"elementor-container elementor-column-gap-default\">\n\t\t\t\t\t<div class=\"elementor-column elementor-col-100 elementor-top-column elementor-element elementor-element-3badf6dc\" data-id=\"3badf6dc\" data-element_type=\"column\" data-e-type=\"column\">\n\t\t\t<div class=\"elementor-widget-wrap elementor-element-populated\">\n\t\t\t\t\t\t<div class=\"elementor-element elementor-element-1948bce2 elementor-widget elementor-widget-heading\" data-id=\"1948bce2\" data-element_type=\"widget\" data-e-type=\"widget\" data-widget_type=\"heading.default\">\n\t\t\t\t<div class=\"elementor-widget-container\">\n\t\t\t\t\t<h2 class=\"elementor-heading-title elementor-size-default\">Impressum<\/h2>\t\t\t\t<\/div>\n\t\t\t\t<\/div>\n\t\t\t\t<div class=\"elementor-element elementor-element-2045cf04 elementor-widget elementor-widget-text-editor\" data-id=\"2045cf04\" data-element_type=\"widget\" data-e-type=\"widget\" data-widget_type=\"text-editor.default\">\n\t\t\t\t<div class=\"elementor-widget-container\">\n\t\t\t\t\t\t\t\t\t<p><span style=\"font-family: Poppins, sans-serif; font-size: 16px; font-style: normal; font-variant-ligatures: normal; font-variant-caps: normal; font-weight: 400; color: var( --e-global-color-text );\"><strong>Anfragen bitte an:<\/strong><br \/><\/span><\/p><p><span style=\"font-family: Poppins, sans-serif; font-size: 16px; font-style: normal; font-variant-ligatures: normal; font-variant-caps: normal; font-weight: 400; color: var( --e-global-color-text );\">E-Mail: info@keep-lissom.de<br \/><\/span><span style=\"color: var( --e-global-color-text ); font-size: 16px;\">Internet: www.keep-lissom.de<\/span><\/p><p><strong>Gestaltung der Webseite:<\/strong><\/p><p><span style=\"font-variant-ligatures: normal; font-variant-caps: normal; font-family: Poppins, sans-serif; font-size: 16px; font-style: normal; font-weight: 400; color: var( --e-global-color-text );\">Sebastian M\u00fcller<br \/><\/span><span style=\"font-variant-ligatures: normal; font-variant-caps: normal; font-family: Poppins, sans-serif; font-size: 16px; font-style: normal; font-weight: 400; color: var( --e-global-color-text );\">Jasminstra\u00dfe 1<br \/><\/span><span style=\"font-variant-ligatures: normal; font-variant-caps: normal; font-family: Poppins, sans-serif; font-size: 16px; font-style: normal; font-weight: 400; color: var( --e-global-color-text );\">66793 Saarwellingen<\/span><\/p><p><span style=\"font-variant-ligatures: normal; font-variant-caps: normal; font-family: Poppins, sans-serif; font-size: 16px; font-style: normal; font-weight: 400; color: var( --e-global-color-text );\">\u00a0<\/span><\/p><p><strong style=\"font-size: 16px; color: var( --e-global-color-text );\"><span style=\"color: var( --e-global-color-text ); font-size: 16px;\">\u2022 Datenschutz<\/span><\/strong><\/p><p>Ihre Privatsph\u00e4re ist uns wichtig. Unsere <a href=\"https:\/\/www.keep-lissom.de\/index.php\/datenschutzerklaerung\/\"><span style=\"text-decoration: underline;\">Datenschutzerkl\u00e4rung<\/span> <\/a>erl\u00e4utert, welche pers\u00f6nlichen Daten wir von Ihnen erheben und wie sie von uns verwendet werden.<\/p><p><strong><span style=\"font-size: 16px; color: var( --e-global-color-text );\">\u2022 Haftung f\u00fcr Inhalte<\/span><\/strong><\/p><p>Als Diensteanbieter sind wir gem\u00e4\u00df \u00a7 7 Abs.1 TMG f\u00fcr eigene Inhalte auf diesen Seiten nach den allgemeinen Gesetzen verantwortlich. Nach \u00a7\u00a7 8 bis 10 TMG sind wir als Diensteanbieter jedoch nicht verpflichtet, \u00fcbermittelte oder gespeicherte fremde Informationen zu \u00fcberwachen oder nach Umst\u00e4nden zu forschen, die auf eine rechtswidrige T\u00e4tigkeit hinweisen.<\/p><p>Verpflichtungen zur Entfernung oder Sperrung der Nutzung von Informationen nach den allgemeinen Gesetzen bleiben hiervon unber\u00fchrt. Eine diesbez\u00fcgliche Haftung ist jedoch erst ab dem Zeitpunkt der Kenntnis einer konkreten Rechtsverletzung m\u00f6glich. Bei Bekanntwerden von entsprechenden Rechtsverletzungen werden wir diese Inhalte umgehend entfernen.<\/p><p><strong><span style=\"font-size: 16px; color: var( --e-global-color-text );\">\u2022 Haftung f\u00fcr Links<\/span><\/strong><\/p><p>Unser Angebot enth\u00e4lt Links zu externen Websites Dritter, auf deren Inhalte wir keinen Einfluss haben. Deshalb k\u00f6nnen wir f\u00fcr diese fremden Inhalte auch keine Gew\u00e4hr \u00fcbernehmen. F\u00fcr die Inhalte der verlinkten Seiten ist stets der jeweilige Anbieter oder Betreiber der Seiten verantwortlich. Die verlinkten Seiten wurden zum Zeitpunkt der Verlinkung auf m\u00f6gliche Rechtsverst\u00f6\u00dfe \u00fcberpr\u00fcft. Rechtswidrige Inhalte waren zum Zeitpunkt der Verlinkung nicht erkennbar.<\/p><p>Eine permanente inhaltliche Kontrolle der verlinkten Seiten ist jedoch ohne konkrete Anhaltspunkte einer Rechtsverletzung nicht zumutbar. Bei Bekanntwerden von Rechtsverletzungen werden wir derartige Links umgehend entfernen.<\/p><p><strong><span style=\"font-size: 16px; color: var( --e-global-color-text );\">\u2022 Urheberrecht<\/span><\/strong><\/p><p>Die durch die Seitenbetreiber erstellten Inhalte und Werke auf diesen Seiten unterliegen dem deutschen Urheberrecht. Die Vervielf\u00e4ltigung, Bearbeitung, Verbreitung und jede Art der Verwertung au\u00dferhalb der Grenzen des Urheberrechtes bed\u00fcrfen der schriftlichen Zustimmung des jeweiligen Autors bzw. Erstellers. Downloads und Kopien dieser Seite sind nur f\u00fcr den privaten, nicht kommerziellen Gebrauch gestattet.<\/p><p>Soweit die Inhalte auf dieser Seite nicht vom Betreiber erstellt wurden, werden die Urheberrechte Dritter beachtet. Insbesondere werden Inhalte Dritter als solche gekennzeichnet. Sollten Sie trotzdem auf eine Urheberrechtsverletzung aufmerksam werden, bitten wir um einen entsprechenden Hinweis. Bei Bekanntwerden von Rechtsverletzungen werden wir derartige Inhalte umgehend entfernen.<\/p>\t\t\t\t\t\t\t\t<\/div>\n\t\t\t\t<\/div>\n\t\t\t\t\t<\/div>\n\t\t<\/div>\n\t\t\t\t\t<\/div>\n\t\t<\/section>\n\t\t\t\t<\/div>\n\t\t","protected":false},"excerpt":{"rendered":"<p>Impressum Anfragen bitte an: E-Mail: info@keep-lissom.deInternet: www.keep-lissom.de Gestaltung der Webseite: Sebastian M\u00fcllerJasminstra\u00dfe 166793 Saarwellingen \u00a0 \u2022 Datenschutz Ihre Privatsph\u00e4re ist uns wichtig. Unsere Datenschutzerkl\u00e4rung erl\u00e4utert, welche pers\u00f6nlichen Daten wir von Ihnen erheben und wie sie von uns verwendet werden. \u2022 Haftung f\u00fcr Inhalte Als Diensteanbieter sind wir gem\u00e4\u00df \u00a7 7 Abs.1 TMG f\u00fcr eigene Inhalte [&hellip;]<\/p>\n","protected":false},"author":1,"featured_media":0,"parent":0,"menu_order":0,"comment_status":"closed","ping_status":"closed","template":"","meta":{"_monsterinsights_skip_tracking":false,"_monsterinsights_sitenote_active":false,"_monsterinsights_sitenote_note":"","_monsterinsights_sitenote_category":0,"ocean_post_layout":"","ocean_both_sidebars_style":"","ocean_both_sidebars_content_width":0,"ocean_both_sidebars_sidebars_width":0,"ocean_sidebar":"","ocean_second_sidebar":"","ocean_disable_margins":"enable","ocean_add_body_class":"","ocean_shortcode_before_top_bar":"","ocean_shortcode_after_top_bar":"","ocean_shortcode_before_header":"","ocean_shortcode_after_header":"","ocean_has_shortcode":"","ocean_shortcode_after_title":"","ocean_shortcode_before_footer_widgets":"","ocean_shortcode_after_footer_widgets":"","ocean_shortcode_before_footer_bottom":"","ocean_shortcode_after_footer_bottom":"","ocean_display_top_bar":"default","ocean_display_header":"default","ocean_header_style":"","ocean_center_header_left_menu":"","ocean_custom_header_template":"","ocean_custom_logo":0,"ocean_custom_retina_logo":0,"ocean_custom_logo_max_width":0,"ocean_custom_logo_tablet_max_width":0,"ocean_custom_logo_mobile_max_width":0,"ocean_custom_logo_max_height":0,"ocean_custom_logo_tablet_max_height":0,"ocean_custom_logo_mobile_max_height":0,"ocean_header_custom_menu":"","ocean_menu_typo_font_family":"","ocean_menu_typo_font_subset":"","ocean_menu_typo_font_size":0,"ocean_menu_typo_font_size_tablet":0,"ocean_menu_typo_font_size_mobile":0,"ocean_menu_typo_font_size_unit":"px","ocean_menu_typo_font_weight":"","ocean_menu_typo_font_weight_tablet":"","ocean_menu_typo_font_weight_mobile":"","ocean_menu_typo_transform":"","ocean_menu_typo_transform_tablet":"","ocean_menu_typo_transform_mobile":"","ocean_menu_typo_line_height":0,"ocean_menu_typo_line_height_tablet":0,"ocean_menu_typo_line_height_mobile":0,"ocean_menu_typo_line_height_unit":"","ocean_menu_typo_spacing":0,"ocean_menu_typo_spacing_tablet":0,"ocean_menu_typo_spacing_mobile":0,"ocean_menu_typo_spacing_unit":"","ocean_menu_link_color":"","ocean_menu_link_color_hover":"","ocean_menu_link_color_active":"","ocean_menu_link_background":"","ocean_menu_link_hover_background":"","ocean_menu_link_active_background":"","ocean_menu_social_links_bg":"","ocean_menu_social_hover_links_bg":"","ocean_menu_social_links_color":"","ocean_menu_social_hover_links_color":"","ocean_disable_title":"default","ocean_disable_heading":"default","ocean_post_title":"","ocean_post_subheading":"","ocean_post_title_style":"","ocean_post_title_background_color":"","ocean_post_title_background":0,"ocean_post_title_bg_image_position":"","ocean_post_title_bg_image_attachment":"","ocean_post_title_bg_image_repeat":"","ocean_post_title_bg_image_size":"","ocean_post_title_height":0,"ocean_post_title_bg_overlay":0.5,"ocean_post_title_bg_overlay_color":"","ocean_disable_breadcrumbs":"default","ocean_breadcrumbs_color":"","ocean_breadcrumbs_separator_color":"","ocean_breadcrumbs_links_color":"","ocean_breadcrumbs_links_hover_color":"","ocean_display_footer_widgets":"default","ocean_display_footer_bottom":"default","ocean_custom_footer_template":"","footnotes":""},"class_list":["post-590","page","type-page","status-publish","hentry","entry"],"yoast_head":"<!-- This site is optimized with the Yoast SEO plugin v27.0 - https:\/\/yoast.com\/product\/yoast-seo-wordpress\/ -->\n<title>Impressum - Keep Lissom<\/title>\n<meta name=\"description\" content=\"\u201eKeep Lissom!\u201c ist eine Band aus dem Saarland, die sich der Musik von Jazz, Funk und Soul verschrieben hat. Unser flexibles Repertoire bietet f\u00fcr jeden Geschmack etwas. Neben der eingespielten Rhythmusgruppe wird die Band durch unsere S\u00e4ngerin und eine druckvolle Bl\u00e4sersektion komplettiert. Spielfreude und Spa\u00df an der Musik stehen bei uns im Zentrum. Ob Geburtstag, Hochzeit oder andere Feierlichkeit - wir umrahmen Ihr Event gerne musikalisch.\" \/>\n<meta name=\"robots\" content=\"index, follow, max-snippet:-1, max-image-preview:large, max-video-preview:-1\" \/>\n<link rel=\"canonical\" href=\"https:\/\/www.keep-lissom.de\/index.php\/impressum\/\" \/>\n<meta property=\"og:locale\" content=\"de_DE\" \/>\n<meta property=\"og:type\" content=\"article\" \/>\n<meta property=\"og:title\" content=\"Impressum - Keep Lissom\" \/>\n<meta property=\"og:description\" content=\"\u201eKeep Lissom!\u201c ist eine Band aus dem Saarland, die sich der Musik von Jazz, Funk und Soul verschrieben hat. Unser flexibles Repertoire bietet f\u00fcr jeden Geschmack etwas. Neben der eingespielten Rhythmusgruppe wird die Band durch unsere S\u00e4ngerin und eine druckvolle Bl\u00e4sersektion komplettiert. Spielfreude und Spa\u00df an der Musik stehen bei uns im Zentrum. Ob Geburtstag, Hochzeit oder andere Feierlichkeit - wir umrahmen Ihr Event gerne musikalisch.\" \/>\n<meta property=\"og:url\" content=\"https:\/\/www.keep-lissom.de\/index.php\/impressum\/\" \/>\n<meta property=\"og:site_name\" content=\"Keep Lissom\" \/>\n<meta property=\"article:modified_time\" content=\"2025-06-08T18:06:36+00:00\" \/>\n<meta property=\"og:image\" content=\"https:\/\/www.keep-lissom.de\/wp-content\/uploads\/2025\/02\/band-1.jpg\" \/>\n\t<meta property=\"og:image:width\" content=\"2500\" \/>\n\t<meta property=\"og:image:height\" content=\"1406\" \/>\n\t<meta property=\"og:image:type\" content=\"image\/jpeg\" \/>\n<meta name=\"twitter:card\" content=\"summary_large_image\" \/>\n<meta name=\"twitter:label1\" content=\"Gesch\u00e4tzte Lesezeit\" \/>\n\t<meta name=\"twitter:data1\" content=\"2\u00a0Minuten\" \/>\n<script type=\"application\/ld+json\" class=\"yoast-schema-graph\">{\"@context\":\"https:\/\/schema.org\",\"@graph\":[{\"@type\":\"WebPage\",\"@id\":\"https:\/\/www.keep-lissom.de\/index.php\/impressum\/\",\"url\":\"https:\/\/www.keep-lissom.de\/index.php\/impressum\/\",\"name\":\"Impressum - Keep Lissom\",\"isPartOf\":{\"@id\":\"https:\/\/www.keep-lissom.de\/#website\"},\"datePublished\":\"2024-11-29T19:49:08+00:00\",\"dateModified\":\"2025-06-08T18:06:36+00:00\",\"description\":\"\u201eKeep Lissom!\u201c ist eine Band aus dem Saarland, die sich der Musik von Jazz, Funk und Soul verschrieben hat. Unser flexibles Repertoire bietet f\u00fcr jeden Geschmack etwas. Neben der eingespielten Rhythmusgruppe wird die Band durch unsere S\u00e4ngerin und eine druckvolle Bl\u00e4sersektion komplettiert. Spielfreude und Spa\u00df an der Musik stehen bei uns im Zentrum. Ob Geburtstag, Hochzeit oder andere Feierlichkeit - wir umrahmen Ihr Event gerne musikalisch.\",\"breadcrumb\":{\"@id\":\"https:\/\/www.keep-lissom.de\/index.php\/impressum\/#breadcrumb\"},\"inLanguage\":\"de\",\"potentialAction\":[{\"@type\":\"ReadAction\",\"target\":[\"https:\/\/www.keep-lissom.de\/index.php\/impressum\/\"]}]},{\"@type\":\"BreadcrumbList\",\"@id\":\"https:\/\/www.keep-lissom.de\/index.php\/impressum\/#breadcrumb\",\"itemListElement\":[{\"@type\":\"ListItem\",\"position\":1,\"name\":\"Startseite\",\"item\":\"https:\/\/www.keep-lissom.de\/\"},{\"@type\":\"ListItem\",\"position\":2,\"name\":\"Impressum\"}]},{\"@type\":\"WebSite\",\"@id\":\"https:\/\/www.keep-lissom.de\/#website\",\"url\":\"https:\/\/www.keep-lissom.de\/\",\"name\":\"Keep Lissom\",\"description\":\"\",\"publisher\":{\"@id\":\"https:\/\/www.keep-lissom.de\/#organization\"},\"potentialAction\":[{\"@type\":\"SearchAction\",\"target\":{\"@type\":\"EntryPoint\",\"urlTemplate\":\"https:\/\/www.keep-lissom.de\/?s={search_term_string}\"},\"query-input\":{\"@type\":\"PropertyValueSpecification\",\"valueRequired\":true,\"valueName\":\"search_term_string\"}}],\"inLanguage\":\"de\"},{\"@type\":\"Organization\",\"@id\":\"https:\/\/www.keep-lissom.de\/#organization\",\"name\":\"Keep Lissom\",\"url\":\"https:\/\/www.keep-lissom.de\/\",\"logo\":{\"@type\":\"ImageObject\",\"inLanguage\":\"de\",\"@id\":\"https:\/\/www.keep-lissom.de\/#\/schema\/logo\/image\/\",\"url\":\"https:\/\/www.keep-lissom.de\/wp-content\/uploads\/2025\/02\/DSC_0001_square.jpg\",\"contentUrl\":\"https:\/\/www.keep-lissom.de\/wp-content\/uploads\/2025\/02\/DSC_0001_square.jpg\",\"width\":1800,\"height\":1800,\"caption\":\"Keep Lissom\"},\"image\":{\"@id\":\"https:\/\/www.keep-lissom.de\/#\/schema\/logo\/image\/\"}}]}<\/script>\n<!-- \/ Yoast SEO plugin. -->","yoast_head_json":{"title":"Impressum - Keep Lissom","description":"\u201eKeep Lissom!\u201c ist eine Band aus dem Saarland, die sich der Musik von Jazz, Funk und Soul verschrieben hat. Unser flexibles Repertoire bietet f\u00fcr jeden Geschmack etwas. Neben der eingespielten Rhythmusgruppe wird die Band durch unsere S\u00e4ngerin und eine druckvolle Bl\u00e4sersektion komplettiert. Spielfreude und Spa\u00df an der Musik stehen bei uns im Zentrum. Ob Geburtstag, Hochzeit oder andere Feierlichkeit - wir umrahmen Ihr Event gerne musikalisch.","robots":{"index":"index","follow":"follow","max-snippet":"max-snippet:-1","max-image-preview":"max-image-preview:large","max-video-preview":"max-video-preview:-1"},"canonical":"https:\/\/www.keep-lissom.de\/index.php\/impressum\/","og_locale":"de_DE","og_type":"article","og_title":"Impressum - Keep Lissom","og_description":"\u201eKeep Lissom!\u201c ist eine Band aus dem Saarland, die sich der Musik von Jazz, Funk und Soul verschrieben hat. Unser flexibles Repertoire bietet f\u00fcr jeden Geschmack etwas. Neben der eingespielten Rhythmusgruppe wird die Band durch unsere S\u00e4ngerin und eine druckvolle Bl\u00e4sersektion komplettiert. Spielfreude und Spa\u00df an der Musik stehen bei uns im Zentrum. Ob Geburtstag, Hochzeit oder andere Feierlichkeit - wir umrahmen Ihr Event gerne musikalisch.","og_url":"https:\/\/www.keep-lissom.de\/index.php\/impressum\/","og_site_name":"Keep Lissom","article_modified_time":"2025-06-08T18:06:36+00:00","og_image":[{"width":2500,"height":1406,"url":"https:\/\/www.keep-lissom.de\/wp-content\/uploads\/2025\/02\/band-1.jpg","type":"image\/jpeg"}],"twitter_card":"summary_large_image","twitter_misc":{"Gesch\u00e4tzte Lesezeit":"2\u00a0Minuten"},"schema":{"@context":"https:\/\/schema.org","@graph":[{"@type":"WebPage","@id":"https:\/\/www.keep-lissom.de\/index.php\/impressum\/","url":"https:\/\/www.keep-lissom.de\/index.php\/impressum\/","name":"Impressum - Keep Lissom","isPartOf":{"@id":"https:\/\/www.keep-lissom.de\/#website"},"datePublished":"2024-11-29T19:49:08+00:00","dateModified":"2025-06-08T18:06:36+00:00","description":"\u201eKeep Lissom!\u201c ist eine Band aus dem Saarland, die sich der Musik von Jazz, Funk und Soul verschrieben hat. Unser flexibles Repertoire bietet f\u00fcr jeden Geschmack etwas. Neben der eingespielten Rhythmusgruppe wird die Band durch unsere S\u00e4ngerin und eine druckvolle Bl\u00e4sersektion komplettiert. Spielfreude und Spa\u00df an der Musik stehen bei uns im Zentrum. Ob Geburtstag, Hochzeit oder andere Feierlichkeit - wir umrahmen Ihr Event gerne musikalisch.","breadcrumb":{"@id":"https:\/\/www.keep-lissom.de\/index.php\/impressum\/#breadcrumb"},"inLanguage":"de","potentialAction":[{"@type":"ReadAction","target":["https:\/\/www.keep-lissom.de\/index.php\/impressum\/"]}]},{"@type":"BreadcrumbList","@id":"https:\/\/www.keep-lissom.de\/index.php\/impressum\/#breadcrumb","itemListElement":[{"@type":"ListItem","position":1,"name":"Startseite","item":"https:\/\/www.keep-lissom.de\/"},{"@type":"ListItem","position":2,"name":"Impressum"}]},{"@type":"WebSite","@id":"https:\/\/www.keep-lissom.de\/#website","url":"https:\/\/www.keep-lissom.de\/","name":"Keep Lissom","description":"","publisher":{"@id":"https:\/\/www.keep-lissom.de\/#organization"},"potentialAction":[{"@type":"SearchAction","target":{"@type":"EntryPoint","urlTemplate":"https:\/\/www.keep-lissom.de\/?s={search_term_string}"},"query-input":{"@type":"PropertyValueSpecification","valueRequired":true,"valueName":"search_term_string"}}],"inLanguage":"de"},{"@type":"Organization","@id":"https:\/\/www.keep-lissom.de\/#organization","name":"Keep Lissom","url":"https:\/\/www.keep-lissom.de\/","logo":{"@type":"ImageObject","inLanguage":"de","@id":"https:\/\/www.keep-lissom.de\/#\/schema\/logo\/image\/","url":"https:\/\/www.keep-lissom.de\/wp-content\/uploads\/2025\/02\/DSC_0001_square.jpg","contentUrl":"https:\/\/www.keep-lissom.de\/wp-content\/uploads\/2025\/02\/DSC_0001_square.jpg","width":1800,"height":1800,"caption":"Keep Lissom"},"image":{"@id":"https:\/\/www.keep-lissom.de\/#\/schema\/logo\/image\/"}}]}},"_links":{"self":[{"href":"https:\/\/www.keep-lissom.de\/index.php\/wp-json\/wp\/v2\/pages\/590","targetHints":{"allow":["GET"]}}],"collection":[{"href":"https:\/\/www.keep-lissom.de\/index.php\/wp-json\/wp\/v2\/pages"}],"about":[{"href":"https:\/\/www.keep-lissom.de\/index.php\/wp-json\/wp\/v2\/types\/page"}],"author":[{"embeddable":true,"href":"https:\/\/www.keep-lissom.de\/index.php\/wp-json\/wp\/v2\/users\/1"}],"replies":[{"embeddable":true,"href":"https:\/\/www.keep-lissom.de\/index.php\/wp-json\/wp\/v2\/comments?post=590"}],"version-history":[{"count":0,"href":"https:\/\/www.keep-lissom.de\/index.php\/wp-json\/wp\/v2\/pages\/590\/revisions"}],"wp:attachment":[{"href":"https:\/\/www.keep-lissom.de\/index.php\/wp-json\/wp\/v2\/media?parent=590"}],"curies":[{"name":"wp","href":"https:\/\/api.w.org\/{rel}","templated":true}]}}